{"id":578,"date":"2017-12-06T12:26:01","date_gmt":"2017-12-06T11:26:01","guid":{"rendered":"https:\/\/formation.gps-malin.com\/acces\/?page_id=578"},"modified":"2017-12-06T12:26:01","modified_gmt":"2017-12-06T11:26:01","slug":"deconnexion","status":"publish","type":"page","link":"https:\/\/formation.gps-malin.com\/acces\/deconnexion\/","title":{"rendered":"D\u00e9connexion"},"content":{"rendered":"<p>Vous avez bien \u00e9t\u00e9 d\u00e9connect\u00e9.<\/p>\n","protected":false},"excerpt":{"rendered":"<p>Vous avez bien \u00e9t\u00e9 d\u00e9connect\u00e9.<\/p>\n","protected":false},"author":1,"featured_media":0,"parent":0,"menu_order":0,"comment_status":"closed","ping_status":"closed","template":"","meta":{"footnotes":""},"tags":[],"class_list":["post-578","page","type-page","status-publish","hentry"],"jetpack_sharing_enabled":true,"_links":{"self":[{"href":"https:\/\/formation.gps-malin.com\/acces\/wp-json\/wp\/v2\/pages\/578","targetHints":{"allow":["GET"]}}],"collection":[{"href":"https:\/\/formation.gps-malin.com\/acces\/wp-json\/wp\/v2\/pages"}],"about":[{"href":"https:\/\/formation.gps-malin.com\/acces\/wp-json\/wp\/v2\/types\/page"}],"author":[{"embeddable":true,"href":"https:\/\/formation.gps-malin.com\/acces\/wp-json\/wp\/v2\/users\/1"}],"replies":[{"embeddable":true,"href":"https:\/\/formation.gps-malin.com\/acces\/wp-json\/wp\/v2\/comments?post=578"}],"version-history":[{"count":0,"href":"https:\/\/formation.gps-malin.com\/acces\/wp-json\/wp\/v2\/pages\/578\/revisions"}],"wp:attachment":[{"href":"https:\/\/formation.gps-malin.com\/acces\/wp-json\/wp\/v2\/media?parent=578"}],"wp:term":[{"taxonomy":"post_tag","embeddable":true,"href":"https:\/\/formation.gps-malin.com\/acces\/wp-json\/wp\/v2\/tags?post=578"}],"curies":[{"name":"wp","href":"https:\/\/api.w.org\/{rel}","templated":true}]}}