{"id":20,"date":"2017-04-14T18:21:08","date_gmt":"2017-04-14T16:21:08","guid":{"rendered":"https:\/\/formation.gps-malin.com\/acces\/?page_id=20"},"modified":"2017-12-06T13:00:16","modified_gmt":"2017-12-06T12:00:16","slug":"aide","status":"publish","type":"page","link":"https:\/\/formation.gps-malin.com\/acces\/aide\/","title":{"rendered":"Aide"},"content":{"rendered":"<h4><strong>Comment t\u00e9l\u00e9charger une des vid\u00e9os de la formation ?<\/strong><\/h4>\n<p>Il vous suffit d&#8217;aller en dessous de la vid\u00e9o que vous voulez t\u00e9l\u00e9charger et de faire un clic droit sur &#8220;T\u00e9l\u00e9charger la vid\u00e9o&#8221; puis de s\u00e9lectionner &#8220;Enregistrer sous&#8221; ou &#8220;Enregistrer la cible du lien sous&#8221;. Si vous utilisez un Mac, maintenez la touche \u00ab ctrl \u00bb appuy\u00e9e tout en cliquant. Ensuite, il ne vous reste qu&#8217;\u00e0 indiquer \u00e0 quel endroit vous souhaitez enregistrer la vid\u00e9o sur votre ordinateur.<\/p>\n<h4><strong>Que faire si j\u2019ai des probl\u00e8mes pour lire la vid\u00e9o ?<\/strong><\/h4>\n<p>Si vous avez des probl\u00e8mes pour lire la vid\u00e9o sur le site, et en particulier si vous avez un <strong>rectangle noir<\/strong> qui s\u2019affiche \u00e0 la place de la vid\u00e9o, pensez \u00e0 <a href=\"http:\/\/get.adobe.com\/fr\/flashplayer\/\" target=\"_blank\">t\u00e9l\u00e9charger et installer Flash Player<\/a>.<\/p>\n<p>Si vous avez des probl\u00e8mes pour lire la vid\u00e9o t\u00e9l\u00e9charg\u00e9e sur votre ordinateur, <a href=\"http:\/\/vlc-media-player.org\/modules\/telecharge\/\" target=\"_blank\">t\u00e9l\u00e9chargez et installez VLC Media Player.<\/a><\/p>\n<h4><strong>Comment faire si je n\u2019ai pas re\u00e7u\/j\u2019ai perdu un des emails avec les vid\u00e9os ?<\/strong><\/h4>\n<p>Si vous n\u2019avez pas re\u00e7u un email, v\u00e9rifiez d\u2019abord vos courriers ind\u00e9sirables \/ spams.<\/p>\n<p>Mais de toute fa\u00e7on, ce n\u2019est pas grave ! Toutes les vid\u00e9os sont accessibles sur le site de la formation, en proc\u00e9dant comme ceci :<\/p>\n<ul>\n<li>Depuis le site de la formation, connectez-vous si besoin (il y a des chances que vous le soyez d\u00e9j\u00e0).<\/li>\n<li>Cliquez en haut sur le nom du module que vous cherchez.<\/li>\n<li>Vous arrivez sur une page o\u00f9 vous pouvez voir les titres des vid\u00e9os ainsi qu&#8217;une image. Pour acc\u00e9der \u00e0 une vid\u00e9o, cliquez sur le titre, vous allez arriver sur une page o\u00f9 vous pourrez directement visionner la vid\u00e9o et o\u00f9 vous pourrez acc\u00e9der au t\u00e9l\u00e9chargement et aux commentaires.<\/li>\n<\/ul>\n<h4><strong>Est-il possible de changer d\u2019identifiant ou de mot de passe ?<\/strong><\/h4>\n<p>Pour l\u2019identifiant, contactez-moi si l\u2019adresse mail de votre paiement n\u2019est pas celle \u00e0 laquelle vous souhaitez recevoir les mails.<\/p>\n<p>Pour le mot de passe, vous pouvez le changer vous-m\u00eame sur <a href=\"https:\/\/formation.gps-malin.com\/acces\/mon-profil\/\" target=\"_blank\">cette page<\/a>.<\/p>\n<h4><strong>Comment avoir ma photo (ou une image) dans les commentaires ?<\/strong><\/h4>\n<p>Il suffit de <a href=\"http:\/\/fr.gravatar.com\/\" target=\"_blank\">cr\u00e9er un compte Gravatar<\/a>, avec l\u2019adresse email que vous utilisez dans les commentaires. Suivez simplement les \u00e9tapes. Votre photo sera reconnue sur beaucoup de sites.<\/p>\n<h4><strong>Si vous ne trouvez pas r\u00e9ponse \u00e0 votre question ici<\/strong><\/h4>\n<p>Envoyez un email \u00e0 <span style=\"text-decoration: underline;\">sav@gps-malin.com<\/span> et il sera trait\u00e9 en priorit\u00e9. Tout email envoy\u00e9 \u00e0 une autre adresse sera trait\u00e9 dans un d\u00e9lai plus long <img data-recalc-dims=\"1\" decoding=\"async\" src=\"https:\/\/i0.wp.com\/formation.blogueur-pro.com\/club-prive\/wp-includes\/images\/smilies\/icon_wink.gif?w=700\" alt=\";)\" \/> .<\/p>\n","protected":false},"excerpt":{"rendered":"<p>Comment t\u00e9l\u00e9charger une des vid\u00e9os de la formation ? Il vous suffit d&#8217;aller en dessous de la vid\u00e9o que vous voulez t\u00e9l\u00e9charger et de faire un clic droit sur &#8220;T\u00e9l\u00e9charger la vid\u00e9o&#8221; puis de s\u00e9lectionner &#8220;Enregistrer sous&#8221; ou &#8220;Enregistrer la cible du lien sous&#8221;. Si vous utilisez un Mac, maintenez la touche \u00ab ctrl \u00bb appuy\u00e9e tout en cliquant. Ensuite, il ne vous reste qu&#8217;\u00e0 indiquer \u00e0 quel endroit vous souhaitez enregistrer la vid\u00e9o sur votre ordinateur. Que faire si j\u2019ai des probl\u00e8mes pour lire la vid\u00e9o ? Si vous avez des probl\u00e8mes pour lire la vid\u00e9o sur le site, et en particulier si vous avez un rectangle noir qui s\u2019affiche \u00e0 la place de la vid\u00e9o, pensez \u00e0 t\u00e9l\u00e9charger et installer Flash Player. Si vous avez des probl\u00e8mes pour lire la vid\u00e9o t\u00e9l\u00e9charg\u00e9e sur votre ordinateur, t\u00e9l\u00e9chargez et installez VLC Media Player. Comment faire si je n\u2019ai pas re\u00e7u\/j\u2019ai perdu un des emails avec les vid\u00e9os ? Si vous n\u2019avez pas re\u00e7u un email, v\u00e9rifiez d\u2019abord vos courriers ind\u00e9sirables \/ spams. Mais de toute fa\u00e7on, ce n\u2019est pas grave ! Toutes les vid\u00e9os sont accessibles sur le site de la formation, en proc\u00e9dant comme ceci : Depuis le site de la formation, connectez-vous si besoin (il y a des chances que vous le soyez d\u00e9j\u00e0). Cliquez en haut sur le nom du module que vous cherchez. Vous arrivez sur une page o\u00f9 vous pouvez voir les titres des vid\u00e9os ainsi qu&#8217;une image. Pour acc\u00e9der \u00e0 une vid\u00e9o, cliquez sur le titre, vous allez arriver sur une page o\u00f9 vous pourrez directement visionner la vid\u00e9o et o\u00f9 vous pourrez acc\u00e9der au t\u00e9l\u00e9chargement et aux commentaires. Est-il possible de changer d\u2019identifiant ou de mot de passe ? Pour l\u2019identifiant, contactez-moi si l\u2019adresse mail de votre paiement n\u2019est pas celle \u00e0 laquelle vous souhaitez recevoir les mails. Pour le mot de passe, vous pouvez le changer vous-m\u00eame sur cette page. Comment avoir ma photo (ou une image) dans les commentaires ? Il suffit de cr\u00e9er un compte Gravatar, avec l\u2019adresse email que vous utilisez dans les commentaires. Suivez simplement les \u00e9tapes. Votre photo sera reconnue sur beaucoup de sites. Si vous ne trouvez pas r\u00e9ponse \u00e0 votre question ici Envoyez un email \u00e0 sav@gps-malin.com et il sera trait\u00e9 en priorit\u00e9. Tout email envoy\u00e9 \u00e0 une autre adresse sera trait\u00e9 dans un d\u00e9lai plus long .<\/p>\n","protected":false},"author":1,"featured_media":0,"parent":0,"menu_order":0,"comment_status":"closed","ping_status":"closed","template":"","meta":{"footnotes":""},"tags":[],"class_list":["post-20","page","type-page","status-publish","hentry"],"jetpack_sharing_enabled":true,"_links":{"self":[{"href":"https:\/\/formation.gps-malin.com\/acces\/wp-json\/wp\/v2\/pages\/20","targetHints":{"allow":["GET"]}}],"collection":[{"href":"https:\/\/formation.gps-malin.com\/acces\/wp-json\/wp\/v2\/pages"}],"about":[{"href":"https:\/\/formation.gps-malin.com\/acces\/wp-json\/wp\/v2\/types\/page"}],"author":[{"embeddable":true,"href":"https:\/\/formation.gps-malin.com\/acces\/wp-json\/wp\/v2\/users\/1"}],"replies":[{"embeddable":true,"href":"https:\/\/formation.gps-malin.com\/acces\/wp-json\/wp\/v2\/comments?post=20"}],"version-history":[{"count":0,"href":"https:\/\/formation.gps-malin.com\/acces\/wp-json\/wp\/v2\/pages\/20\/revisions"}],"wp:attachment":[{"href":"https:\/\/formation.gps-malin.com\/acces\/wp-json\/wp\/v2\/media?parent=20"}],"wp:term":[{"taxonomy":"post_tag","embeddable":true,"href":"https:\/\/formation.gps-malin.com\/acces\/wp-json\/wp\/v2\/tags?post=20"}],"curies":[{"name":"wp","href":"https:\/\/api.w.org\/{rel}","templated":true}]}}